{"id":49,"date":"2023-09-13T13:59:30","date_gmt":"2023-09-13T16:59:30","guid":{"rendered":"https:\/\/smeaguaslindas.com\/videos\/?page_id=49"},"modified":"2023-11-26T11:24:31","modified_gmt":"2023-11-26T14:24:31","slug":"home","status":"publish","type":"page","link":"https:\/\/smeaguaslindas.com\/videos\/","title":{"rendered":"Home"},"content":{"rendered":"\t\t<div data-elementor-type=\"wp-page\" data-elementor-id=\"49\" class=\"elementor elementor-49\" data-elementor-post-type=\"page\">\n\t\t\t\t\t\t<section class=\"elementor-section elementor-top-section elementor-element elementor-element-f972f10 elementor-section-boxed elementor-section-height-default elementor-section-height-default\" data-id=\"f972f10\" data-element_type=\"section\">\n\t\t\t\t\t\t<div class=\"elementor-container elementor-column-gap-default\">\n\t\t\t\t\t<div class=\"elementor-column elementor-col-100 elementor-top-column elementor-element elementor-element-44b8c43\" data-id=\"44b8c43\" data-element_type=\"column\">\n\t\t\t<div class=\"elementor-widget-wrap\">\n\t\t\t\t\t\t\t<\/div>\n\t\t<\/div>\n\t\t\t\t\t<\/div>\n\t\t<\/section>\n\t\t\t\t<section class=\"elementor-section elementor-top-section elementor-element elementor-element-29822bf elementor-section-boxed elementor-section-height-default elementor-section-height-default\" data-id=\"29822bf\" data-element_type=\"section\">\n\t\t\t\t\t\t<div class=\"elementor-container elementor-column-gap-default\">\n\t\t\t\t\t<div class=\"elementor-column elementor-col-100 elementor-top-column elementor-element elementor-element-9a6efca\" data-id=\"9a6efca\" data-element_type=\"column\">\n\t\t\t<div class=\"elementor-widget-wrap\">\n\t\t\t\t\t\t\t<\/div>\n\t\t<\/div>\n\t\t\t\t\t<\/div>\n\t\t<\/section>\n\t\t\t\t<section class=\"elementor-section elementor-top-section elementor-element elementor-element-da0a031 elementor-section-boxed elementor-section-height-default elementor-section-height-default\" data-id=\"da0a031\" data-element_type=\"section\">\n\t\t\t\t\t\t<div class=\"elementor-container elementor-column-gap-default\">\n\t\t\t\t\t<div class=\"elementor-column elementor-col-50 elementor-top-column elementor-element elementor-element-39dcd52 elementor-hidden-phone\" data-id=\"39dcd52\" data-element_type=\"column\" data-settings=\"{&quot;background_background&quot;:&quot;classic&quot;}\">\n\t\t\t<div class=\"elementor-widget-wrap elementor-element-populated\">\n\t\t\t\t\t\t<div class=\"elementor-element elementor-element-c377ff2 elementor-widget elementor-widget-text-editor\" data-id=\"c377ff2\" data-element_type=\"widget\" data-widget_type=\"text-editor.default\">\n\t\t\t\t<div class=\"elementor-widget-container\">\n\t\t\t\t\t\t\t\t\t<p>ACESSO R\u00c1PIDO<\/p>\t\t\t\t\t\t\t\t<\/div>\n\t\t\t\t<\/div>\n\t\t\t\t<div class=\"elementor-element elementor-element-b0b64a9 elementor-nav-menu__text-align-aside elementor-widget elementor-widget-nav-menu\" data-id=\"b0b64a9\" data-element_type=\"widget\" data-settings=\"{&quot;layout&quot;:&quot;dropdown&quot;,&quot;submenu_icon&quot;:{&quot;value&quot;:&quot;&lt;i class=\\&quot;fas fa-chevron-down\\&quot;&gt;&lt;\\\/i&gt;&quot;,&quot;library&quot;:&quot;fa-solid&quot;}}\" data-widget_type=\"nav-menu.default\">\n\t\t\t\t<div class=\"elementor-widget-container\">\n\t\t\t\t\t\t\t\t<nav class=\"elementor-nav-menu--dropdown elementor-nav-menu__container\" aria-hidden=\"true\">\n\t\t\t\t<ul id=\"menu-2-b0b64a9\" class=\"elementor-nav-menu\"><li class=\"menu-item menu-item-type-post_type menu-item-object-page menu-item-home menu-item-281\"><a href=\"https:\/\/smeaguaslindas.com\/videos\/\" class=\"elementor-item menu-link\" tabindex=\"-1\">Inicial<\/a><\/li>\n<li class=\"menu-item menu-item-type-post_type menu-item-object-page menu-item-282\"><a href=\"https:\/\/smeaguaslindas.com\/videos\/portal-do-professor-gier\/\" class=\"elementor-item menu-link\" tabindex=\"-1\">Portal do Professor GIER<\/a><\/li>\n<li class=\"menu-item menu-item-type-post_type menu-item-object-page menu-item-283\"><a href=\"https:\/\/smeaguaslindas.com\/videos\/secretario-escolar\/\" class=\"elementor-item menu-link\" tabindex=\"-1\">Portal do Secret\u00e1rio Escolar<\/a><\/li>\n<\/ul>\t\t\t<\/nav>\n\t\t\t\t\t\t<\/div>\n\t\t\t\t<\/div>\n\t\t\t\t\t<\/div>\n\t\t<\/div>\n\t\t\t\t<div class=\"elementor-column elementor-col-50 elementor-top-column elementor-element elementor-element-edb40ac\" data-id=\"edb40ac\" data-element_type=\"column\">\n\t\t\t<div class=\"elementor-widget-wrap elementor-element-populated\">\n\t\t\t\t\t\t<section class=\"elementor-section elementor-inner-section elementor-element elementor-element-6938cb4 elementor-section-boxed elementor-section-height-default elementor-section-height-default\" data-id=\"6938cb4\" data-element_type=\"section\">\n\t\t\t\t\t\t<div class=\"elementor-container elementor-column-gap-default\">\n\t\t\t\t\t<div class=\"elementor-column elementor-col-33 elementor-inner-column elementor-element elementor-element-82ea2d7\" data-id=\"82ea2d7\" data-element_type=\"column\">\n\t\t\t<div class=\"elementor-widget-wrap elementor-element-populated\">\n\t\t\t\t\t\t<div class=\"elementor-element elementor-element-413292f elementor-view-default elementor-widget elementor-widget-icon\" data-id=\"413292f\" data-element_type=\"widget\" data-widget_type=\"icon.default\">\n\t\t\t\t<div class=\"elementor-widget-container\">\n\t\t\t\t\t\t\t<div class=\"elementor-icon-wrapper\">\n\t\t\t<div class=\"elementor-icon\">\n\t\t\t<i aria-hidden=\"true\" class=\"fas fa-info-circle\"><\/i>\t\t\t<\/div>\n\t\t<\/div>\n\t\t\t\t\t\t<\/div>\n\t\t\t\t<\/div>\n\t\t\t\t\t<\/div>\n\t\t<\/div>\n\t\t\t\t<div class=\"elementor-column elementor-col-33 elementor-inner-column elementor-element elementor-element-cc57b0d\" data-id=\"cc57b0d\" data-element_type=\"column\">\n\t\t\t<div class=\"elementor-widget-wrap elementor-element-populated\">\n\t\t\t\t\t\t<div class=\"elementor-element elementor-element-a435521 elementor-widget elementor-widget-text-editor\" data-id=\"a435521\" data-element_type=\"widget\" data-widget_type=\"text-editor.default\">\n\t\t\t\t<div class=\"elementor-widget-container\">\n\t\t\t\t\t\t\t\t\t<p>INFORMA\u00c7\u00d5ES E <b>SERVI\u00c7OS<\/b><\/p>\t\t\t\t\t\t\t\t<\/div>\n\t\t\t\t<\/div>\n\t\t\t\t\t<\/div>\n\t\t<\/div>\n\t\t\t\t<div class=\"elementor-column elementor-col-33 elementor-inner-column elementor-element elementor-element-d728da9\" data-id=\"d728da9\" data-element_type=\"column\">\n\t\t\t<div class=\"elementor-widget-wrap elementor-element-populated\">\n\t\t\t\t\t\t<div class=\"elementor-element elementor-element-f7dd4d7 elementor-widget-divider--separator-type-pattern elementor-widget-divider--view-line elementor-widget elementor-widget-divider\" data-id=\"f7dd4d7\" data-element_type=\"widget\" data-widget_type=\"divider.default\">\n\t\t\t\t<div class=\"elementor-widget-container\">\n\t\t\t\t\t\t\t<div class=\"elementor-divider\" style=\"--divider-pattern-url: url(&quot;data:image\/svg+xml,%3Csvg xmlns=&#039;http:\/\/www.w3.org\/2000\/svg&#039; preserveAspectRatio=&#039;none&#039; overflow=&#039;visible&#039; height=&#039;100%&#039; viewBox=&#039;0 0 20 16&#039; fill=&#039;none&#039; stroke=&#039;black&#039; stroke-width=&#039;1&#039; stroke-linecap=&#039;square&#039; stroke-miterlimit=&#039;10&#039;%3E%3Cg transform=&#039;translate(-12.000000, 0)&#039;%3E%3Cpath d=&#039;M28,0L10,18&#039;\/%3E%3Cpath d=&#039;M18,0L0,18&#039;\/%3E%3Cpath d=&#039;M48,0L30,18&#039;\/%3E%3Cpath d=&#039;M38,0L20,18&#039;\/%3E%3C\/g%3E%3C\/svg%3E&quot;);\">\n\t\t\t<span class=\"elementor-divider-separator\">\n\t\t\t\t\t\t<\/span>\n\t\t<\/div>\n\t\t\t\t\t\t<\/div>\n\t\t\t\t<\/div>\n\t\t\t\t\t<\/div>\n\t\t<\/div>\n\t\t\t\t\t<\/div>\n\t\t<\/section>\n\t\t\t\t<section class=\"elementor-section elementor-inner-section elementor-element elementor-element-349c2fb elementor-section-boxed elementor-section-height-default elementor-section-height-default\" data-id=\"349c2fb\" data-element_type=\"section\">\n\t\t\t\t\t\t<div class=\"elementor-container elementor-column-gap-default\">\n\t\t\t\t\t<div class=\"elementor-column elementor-col-25 elementor-inner-column elementor-element elementor-element-29198b5\" data-id=\"29198b5\" data-element_type=\"column\">\n\t\t\t<div class=\"elementor-widget-wrap elementor-element-populated\">\n\t\t\t\t\t\t<div class=\"elementor-element elementor-element-f0c3fbf elementor-position-top elementor-widget elementor-widget-image-box\" data-id=\"f0c3fbf\" data-element_type=\"widget\" data-widget_type=\"image-box.default\">\n\t\t\t\t<div class=\"elementor-widget-container\">\n\t\t\t\t\t<div class=\"elementor-image-box-wrapper\"><figure class=\"elementor-image-box-img\"><a href=\"https:\/\/smeaguaslindas.com\/videos\/portal-do-professor-gier\/\" target=\"_blank\" tabindex=\"-1\"><img fetchpriority=\"high\" decoding=\"async\" width=\"3188\" height=\"2500\" src=\"https:\/\/smeaguaslindas.com\/videos\/wp-content\/uploads\/2023\/09\/Professora.png\" class=\"attachment-full size-full wp-image-253\" alt=\"\" srcset=\"https:\/\/smeaguaslindas.com\/videos\/wp-content\/uploads\/2023\/09\/Professora.png 3188w, https:\/\/smeaguaslindas.com\/videos\/wp-content\/uploads\/2023\/09\/Professora-300x235.png 300w, https:\/\/smeaguaslindas.com\/videos\/wp-content\/uploads\/2023\/09\/Professora-1024x803.png 1024w, https:\/\/smeaguaslindas.com\/videos\/wp-content\/uploads\/2023\/09\/Professora-768x602.png 768w, https:\/\/smeaguaslindas.com\/videos\/wp-content\/uploads\/2023\/09\/Professora-1536x1205.png 1536w, https:\/\/smeaguaslindas.com\/videos\/wp-content\/uploads\/2023\/09\/Professora-2048x1606.png 2048w\" sizes=\"(max-width: 3188px) 100vw, 3188px\" \/><\/a><\/figure><div class=\"elementor-image-box-content\"><h3 class=\"elementor-image-box-title\"><a href=\"https:\/\/smeaguaslindas.com\/videos\/portal-do-professor-gier\/\" target=\"_blank\">PORTAL<\/a><\/h3><p class=\"elementor-image-box-description\">PROFESSOR<\/p><\/div><\/div>\t\t\t\t<\/div>\n\t\t\t\t<\/div>\n\t\t\t\t\t<\/div>\n\t\t<\/div>\n\t\t\t\t<div class=\"elementor-column elementor-col-25 elementor-inner-column elementor-element elementor-element-301b522\" data-id=\"301b522\" data-element_type=\"column\">\n\t\t\t<div class=\"elementor-widget-wrap elementor-element-populated\">\n\t\t\t\t\t\t<div class=\"elementor-element elementor-element-54b895e elementor-position-top elementor-widget elementor-widget-image-box\" data-id=\"54b895e\" data-element_type=\"widget\" data-widget_type=\"image-box.default\">\n\t\t\t\t<div class=\"elementor-widget-container\">\n\t\t\t\t\t<div class=\"elementor-image-box-wrapper\"><figure class=\"elementor-image-box-img\"><a href=\"https:\/\/smeaguaslindas.com\/videos\/secretario-escolar\/\" target=\"_blank\" tabindex=\"-1\"><img decoding=\"async\" width=\"800\" height=\"795\" src=\"https:\/\/smeaguaslindas.com\/videos\/wp-content\/uploads\/2023\/09\/Secretaria-Esolar.png\" class=\"attachment-full size-full wp-image-252\" alt=\"\" srcset=\"https:\/\/smeaguaslindas.com\/videos\/wp-content\/uploads\/2023\/09\/Secretaria-Esolar.png 800w, https:\/\/smeaguaslindas.com\/videos\/wp-content\/uploads\/2023\/09\/Secretaria-Esolar-300x298.png 300w, https:\/\/smeaguaslindas.com\/videos\/wp-content\/uploads\/2023\/09\/Secretaria-Esolar-150x150.png 150w, https:\/\/smeaguaslindas.com\/videos\/wp-content\/uploads\/2023\/09\/Secretaria-Esolar-768x763.png 768w\" sizes=\"(max-width: 800px) 100vw, 800px\" \/><\/a><\/figure><div class=\"elementor-image-box-content\"><h3 class=\"elementor-image-box-title\"><a href=\"https:\/\/smeaguaslindas.com\/videos\/secretario-escolar\/\" target=\"_blank\">PORTAL<\/a><\/h3><p class=\"elementor-image-box-description\">SECRET\u00c1RIO ESCOLAR<\/p><\/div><\/div>\t\t\t\t<\/div>\n\t\t\t\t<\/div>\n\t\t\t\t\t<\/div>\n\t\t<\/div>\n\t\t\t\t<div class=\"elementor-column elementor-col-25 elementor-inner-column elementor-element elementor-element-1a713a9 elementor-hidden-desktop elementor-hidden-tablet elementor-hidden-mobile\" data-id=\"1a713a9\" data-element_type=\"column\">\n\t\t\t<div class=\"elementor-widget-wrap elementor-element-populated\">\n\t\t\t\t\t\t<div class=\"elementor-element elementor-element-fedc5bc elementor-position-top elementor-widget elementor-widget-image-box\" data-id=\"fedc5bc\" data-element_type=\"widget\" data-widget_type=\"image-box.default\">\n\t\t\t\t<div class=\"elementor-widget-container\">\n\t\t\t\t\t<div class=\"elementor-image-box-wrapper\"><figure class=\"elementor-image-box-img\"><img decoding=\"async\" width=\"800\" height=\"800\" src=\"https:\/\/smeaguaslindas.com\/videos\/wp-content\/uploads\/2023\/09\/Coordenador.png\" class=\"attachment-full size-full wp-image-254\" alt=\"\" srcset=\"https:\/\/smeaguaslindas.com\/videos\/wp-content\/uploads\/2023\/09\/Coordenador.png 800w, https:\/\/smeaguaslindas.com\/videos\/wp-content\/uploads\/2023\/09\/Coordenador-300x300.png 300w, https:\/\/smeaguaslindas.com\/videos\/wp-content\/uploads\/2023\/09\/Coordenador-150x150.png 150w, https:\/\/smeaguaslindas.com\/videos\/wp-content\/uploads\/2023\/09\/Coordenador-768x768.png 768w\" sizes=\"(max-width: 800px) 100vw, 800px\" \/><\/figure><div class=\"elementor-image-box-content\"><h3 class=\"elementor-image-box-title\">PORTAL<\/h3><p class=\"elementor-image-box-description\">COORDENADOR<\/p><\/div><\/div>\t\t\t\t<\/div>\n\t\t\t\t<\/div>\n\t\t\t\t\t<\/div>\n\t\t<\/div>\n\t\t\t\t<div class=\"elementor-column elementor-col-25 elementor-inner-column elementor-element elementor-element-bf3a807 elementor-hidden-desktop elementor-hidden-tablet elementor-hidden-mobile\" data-id=\"bf3a807\" data-element_type=\"column\">\n\t\t\t<div class=\"elementor-widget-wrap elementor-element-populated\">\n\t\t\t\t\t\t<div class=\"elementor-element elementor-element-7705dd3 elementor-position-top elementor-widget elementor-widget-image-box\" data-id=\"7705dd3\" data-element_type=\"widget\" data-widget_type=\"image-box.default\">\n\t\t\t\t<div class=\"elementor-widget-container\">\n\t\t\t\t\t<div class=\"elementor-image-box-wrapper\"><figure class=\"elementor-image-box-img\"><img decoding=\"async\" src=\"https:\/\/smeaguaslindas.com\/videos\/wp-content\/plugins\/elementor\/assets\/images\/placeholder.png\" title=\"\" alt=\"\" loading=\"lazy\" \/><\/figure><div class=\"elementor-image-box-content\"><h3 class=\"elementor-image-box-title\">PORTAL<\/h3><p class=\"elementor-image-box-description\">ALUNO<\/p><\/div><\/div>\t\t\t\t<\/div>\n\t\t\t\t<\/div>\n\t\t\t\t\t<\/div>\n\t\t<\/div>\n\t\t\t\t\t<\/div>\n\t\t<\/section>\n\t\t\t\t\t<\/div>\n\t\t<\/div>\n\t\t\t\t\t<\/div>\n\t\t<\/section>\n\t\t\t\t<\/div>\n\t\t","protected":false},"excerpt":{"rendered":"<p>ACESSO R\u00c1PIDO INFORMA\u00c7\u00d5ES E SERVI\u00c7OS PORTAL PROFESSOR PORTAL SECRET\u00c1RIO ESCOLAR PORTAL COORDENADOR PORTAL ALUNO<\/p>\n","protected":false},"author":1,"featured_media":0,"parent":0,"menu_order":0,"comment_status":"closed","ping_status":"closed","template":"elementor_header_footer","meta":{"site-sidebar-layout":"no-sidebar","site-content-layout":"plain-container","ast-site-content-layout":"full-width-container","site-content-style":"default","site-sidebar-style":"default","ast-global-header-display":"","ast-banner-title-visibility":"","ast-main-header-display":"","ast-hfb-above-header-display":"","ast-hfb-below-header-display":"","ast-hfb-mobile-header-display":"","site-post-title":"disabled","ast-breadcrumbs-content":"","ast-featured-img":"disabled","footer-sml-layout":"","theme-transparent-header-meta":"enabled","adv-header-id-meta":"","stick-header-meta":"","header-above-stick-meta":"","header-main-stick-meta":"","header-below-stick-meta":"","astra-migrate-meta-layouts":"set","footnotes":""},"class_list":["post-49","page","type-page","status-publish","hentry"],"_links":{"self":[{"href":"https:\/\/smeaguaslindas.com\/videos\/wp-json\/wp\/v2\/pages\/49","targetHints":{"allow":["GET"]}}],"collection":[{"href":"https:\/\/smeaguaslindas.com\/videos\/wp-json\/wp\/v2\/pages"}],"about":[{"href":"https:\/\/smeaguaslindas.com\/videos\/wp-json\/wp\/v2\/types\/page"}],"author":[{"embeddable":true,"href":"https:\/\/smeaguaslindas.com\/videos\/wp-json\/wp\/v2\/users\/1"}],"replies":[{"embeddable":true,"href":"https:\/\/smeaguaslindas.com\/videos\/wp-json\/wp\/v2\/comments?post=49"}],"version-history":[{"count":75,"href":"https:\/\/smeaguaslindas.com\/videos\/wp-json\/wp\/v2\/pages\/49\/revisions"}],"predecessor-version":[{"id":289,"href":"https:\/\/smeaguaslindas.com\/videos\/wp-json\/wp\/v2\/pages\/49\/revisions\/289"}],"wp:attachment":[{"href":"https:\/\/smeaguaslindas.com\/videos\/wp-json\/wp\/v2\/media?parent=49"}],"curies":[{"name":"wp","href":"https:\/\/api.w.org\/{rel}","templated":true}]}}