{"id":238,"date":"2023-09-17T17:43:41","date_gmt":"2023-09-17T20:43:41","guid":{"rendered":"https:\/\/smeaguaslindas.com\/videos\/?page_id=238"},"modified":"2025-08-10T21:49:49","modified_gmt":"2025-08-11T00:49:49","slug":"portal-do-professor-gier","status":"publish","type":"page","link":"https:\/\/smeaguaslindas.com\/videos\/portal-do-professor-gier\/","title":{"rendered":"Portal do Professor GIER"},"content":{"rendered":"<h4><strong>PLANEJAMENTO PEDAGOGICO<\/strong><\/h4>\n<div style=\"position: relative; width: 100%; height: 0; padding-top: 56.2500%;\n padding-bottom: 0; box-shadow: 0 2px 8px 0 rgba(63,69,81,0.16); margin-top: 1.6em; margin-bottom: 0.9em; overflow: hidden;\n border-radius: 8px; will-change: transform;\"><br \/>\n  <iframe loading=\"lazy\" style=\"position: absolute; width: 100%; height: 100%; top: 0; left: 0; border: none; padding: 0;margin: 0;\"\n    src=\"https:\/\/www.canva.com\/design\/DAGvt5gXrsw\/MXHC4id2jqM2mYxuJYJJHA\/watch?embed\" allowfullscreen=\"allowfullscreen\" allow=\"fullscreen\"><br \/>\n  <\/iframe>\n<\/div>\n<p><a href=\"https:&#x2F;&#x2F;www.canva.com&#x2F;design&#x2F;DAGvt5gXrsw&#x2F;MXHC4id2jqM2mYxuJYJJHA&#x2F;watch?utm_content=DAGvt5gXrsw&amp;utm_campaign=designshare&amp;utm_medium=embeds&amp;utm_source=link\" target=\"_blank\" rel=\"noopener\">PLANEJAMENTO PEDAGOGICO<\/a> de JORGE RAMOS<\/p>\n<h4><strong>REGISTRO DE FREQU\u00caNCIA E CONTE\u00daDO<\/strong><\/h4>\n<div style=\"position: relative; width: 100%; height: 0; padding-top: 56.2500%; padding-bottom: 0; box-shadow: 0 2px 8px 0 rgba(63,69,81,0.16); margin-top: 1.6em; margin-bottom: 0.9em; overflow: hidden; border-radius: 8px; will-change: transform;\"><iframe style=\"position: absolute; width: 100%; height: 100%; top: 0; left: 0; border: none; padding: 0; margin: 0;\" src=\"https:\/\/www.canva.com\/design\/DAGvtyAi3uI\/oQlMGDu05pheSHF859R0dw\/watch?embed\" allowfullscreen=\"allowfullscreen\"><br \/>\n<\/iframe><\/div>\n<p><a href=\"https:\/\/www.canva.com\/design\/DAGvtyAi3uI\/oQlMGDu05pheSHF859R0dw\/watch?utm_content=DAGvtyAi3uI&amp;utm_campaign=designshare&amp;utm_medium=embeds&amp;utm_source=link\" target=\"_blank\" rel=\"noopener\">REGISTRO DE FREQU\u00caNCIA E CONTE\u00daDO<\/a> de JORGE RAMOS<\/p>\n<h4><strong>AVALIA\u00c7\u00c3O ENSINO FUNDAMENTAL<\/strong><\/h4>\n<div style=\"position: relative; width: 100%; height: 0; padding-top: 56.2500%; padding-bottom: 0; box-shadow: 0 2px 8px 0 rgba(63,69,81,0.16); margin-top: 1.6em; margin-bottom: 0.9em; overflow: hidden; border-radius: 8px; will-change: transform;\"><iframe style=\"position: absolute; width: 100%; height: 100%; top: 0; left: 0; border: none; padding: 0; margin: 0;\" src=\"https:\/\/www.canva.com\/design\/DAGvuDMqtPg\/8Y3-GPFDkPjpQ9NvTtJs5g\/watch?embed\" allowfullscreen=\"allowfullscreen\"><span data-mce-type=\"bookmark\" style=\"display: inline-block; width: 0px; overflow: hidden; line-height: 0;\" class=\"mce_SELRES_start\">\ufeff<\/span><br \/>\n<\/iframe><\/div>\n<p><a href=\"https:\/\/www.canva.com\/design\/DAGvuDMqtPg\/8Y3-GPFDkPjpQ9NvTtJs5g\/watch?utm_content=DAGvuDMqtPg&amp;utm_campaign=designshare&amp;utm_medium=embeds&amp;utm_source=link\" target=\"_blank\" rel=\"noopener\">AVALIA\u00c7\u00c3O ENSINO FUNDAMENTAL<\/a> de JORGE RAMOS<\/p>\n<h4><strong>AVALIA\u00c7\u00c3O EDUCA\u00c7\u00c3O INFANTIL<\/strong><\/h4>\n<div style=\"position: relative; width: 100%; height: 0; padding-top: 56.2500%; padding-bottom: 0; box-shadow: 0 2px 8px 0 rgba(63,69,81,0.16); margin-top: 1.6em; margin-bottom: 0.9em; overflow: hidden; border-radius: 8px; will-change: transform;\"><iframe style=\"position: absolute; width: 100%; height: 100%; top: 0; left: 0; border: none; padding: 0; margin: 0;\" src=\"https:\/\/www.canva.com\/design\/DAGvuFJw71Q\/f80LQFGEPpsQ9Oc_6fdSOA\/watch?embed\" allowfullscreen=\"allowfullscreen\"><br \/>\n<\/iframe><\/div>\n<p><a href=\"https:\/\/www.canva.com\/design\/DAGvuFJw71Q\/f80LQFGEPpsQ9Oc_6fdSOA\/watch?utm_content=DAGvuFJw71Q&amp;utm_campaign=designshare&amp;utm_medium=embeds&amp;utm_source=link\" target=\"_blank\" rel=\"noopener\">AVALIA\u00c7\u00c3O EDUCA\u00c7\u00c3O INFANTIL<\/a> de JORGE RAMOS<\/p>\n<p><CENTER><\/p>\n<h4><strong>VIDEOS VELHOS<\/strong><\/h4>\n<p><\/CENTER><\/p>\n<h4><strong>Planejamento Pedag\u00f3gico \u2014 GIER<\/strong><\/h4>\n<p><iframe title=\"YouTube video player\" src=\"https:\/\/www.youtube.com\/embed\/6iIClvjqP7E?si=livEX1CtzSRWFYhC\" width=\"840\" height=\"480\" frameborder=\"0\" allowfullscreen=\"allowfullscreen\"><\/iframe><\/p>\n<h4><strong>Registro de Frequ\u00eancia e Conte\u00fados.<\/strong><\/h4>\n<p><iframe title=\"YouTube video player\" src=\"https:\/\/www.youtube.com\/embed\/5KLGFVuTtBc?si=O0GBQdJyc9sT625q\" width=\"840\" height=\"480\" frameborder=\"0\" allowfullscreen=\"allowfullscreen\"><\/iframe><\/p>\n<h4><strong>Registro de Frequ\u00eancia e Conte\u00fados retroativos.<\/strong><\/h4>\n<p><iframe title=\"YouTube video player\" src=\"https:\/\/www.youtube.com\/embed\/GxtrNRWuYQE?si=sqyGZGhuM7z0LJ3u\" width=\"840\" height=\"480\" frameborder=\"0\" allowfullscreen=\"allowfullscreen\"><\/iframe><\/p>\n<h4><strong>Avalia\u00e7\u00e3o da Educa\u00e7\u00e3o Infantil<\/strong><\/h4>\n<p><iframe title=\"YouTube video player\" src=\"https:\/\/www.youtube.com\/embed\/9D34Xm2_zfo?si=gFoP29lYGic04J9p\" width=\"840\" height=\"480\" frameborder=\"0\" allowfullscreen=\"allowfullscreen\"><\/iframe><\/p>\n<h4><strong>Avalia\u00e7\u00e3o do 1\u00ba e 2 \u00ba ano<\/strong><\/h4>\n<p><iframe title=\"YouTube video player\" src=\"https:\/\/www.youtube.com\/embed\/xJFTuyXG39Q?si=0FrE54XwKBioHW6z\" width=\"840\" height=\"480\" frameborder=\"0\" allowfullscreen=\"allowfullscreen\"><\/iframe><\/p>\n<h4><strong>Avalia\u00e7\u00e3o do 3 ao 5\u00ba ano<\/strong><\/h4>\n<p><iframe title=\"YouTube video player\" src=\"https:\/\/www.youtube.com\/embed\/j2VNvjVz4nA?si=YzlSN4uGPAHsy9KB\" width=\"840\" height=\"480\" frameborder=\"0\" allowfullscreen=\"allowfullscreen\"><\/iframe><\/p>\n","protected":false},"excerpt":{"rendered":"<p>PLANEJAMENTO PEDAGOGICO PLANEJAMENTO PEDAGOGICO de JORGE RAMOS REGISTRO DE FREQU\u00caNCIA E CONTE\u00daDO REGISTRO DE FREQU\u00caNCIA E CONTE\u00daDO de JORGE RAMOS AVALIA\u00c7\u00c3O ENSINO FUNDAMENTAL \ufeff AVALIA\u00c7\u00c3O ENSINO FUNDAMENTAL de JORGE RAMOS AVALIA\u00c7\u00c3O EDUCA\u00c7\u00c3O INFANTIL AVALIA\u00c7\u00c3O EDUCA\u00c7\u00c3O INFANTIL de JORGE RAMOS VIDEOS VELHOS Planejamento Pedag\u00f3gico \u2014 GIER Registro de Frequ\u00eancia e Conte\u00fados. Registro de Frequ\u00eancia e Conte\u00fados &hellip;<\/p>\n<p class=\"read-more\"> <a class=\"\" href=\"https:\/\/smeaguaslindas.com\/videos\/portal-do-professor-gier\/\"> <span class=\"screen-reader-text\">Portal do Professor GIER<\/span> Read More &raquo;<\/a><\/p>\n","protected":false},"author":1,"featured_media":0,"parent":0,"menu_order":0,"comment_status":"closed","ping_status":"closed","template":"","meta":{"site-sidebar-layout":"default","site-content-layout":"","ast-site-content-layout":"default","site-content-style":"default","site-sidebar-style":"default","ast-global-header-display":"","ast-banner-title-visibility":"","ast-main-header-display":"","ast-hfb-above-header-display":"","ast-hfb-below-header-display":"","ast-hfb-mobile-header-display":"","site-post-title":"","ast-breadcrumbs-content":"","ast-featured-img":"","footer-sml-layout":"","theme-transparent-header-meta":"default","adv-header-id-meta":"","stick-header-meta":"","header-above-stick-meta":"","header-main-stick-meta":"","header-below-stick-meta":"","astra-migrate-meta-layouts":"set","footnotes":""},"class_list":["post-238","page","type-page","status-publish","hentry"],"_links":{"self":[{"href":"https:\/\/smeaguaslindas.com\/videos\/wp-json\/wp\/v2\/pages\/238","targetHints":{"allow":["GET"]}}],"collection":[{"href":"https:\/\/smeaguaslindas.com\/videos\/wp-json\/wp\/v2\/pages"}],"about":[{"href":"https:\/\/smeaguaslindas.com\/videos\/wp-json\/wp\/v2\/types\/page"}],"author":[{"embeddable":true,"href":"https:\/\/smeaguaslindas.com\/videos\/wp-json\/wp\/v2\/users\/1"}],"replies":[{"embeddable":true,"href":"https:\/\/smeaguaslindas.com\/videos\/wp-json\/wp\/v2\/comments?post=238"}],"version-history":[{"count":9,"href":"https:\/\/smeaguaslindas.com\/videos\/wp-json\/wp\/v2\/pages\/238\/revisions"}],"predecessor-version":[{"id":297,"href":"https:\/\/smeaguaslindas.com\/videos\/wp-json\/wp\/v2\/pages\/238\/revisions\/297"}],"wp:attachment":[{"href":"https:\/\/smeaguaslindas.com\/videos\/wp-json\/wp\/v2\/media?parent=238"}],"curies":[{"name":"wp","href":"https:\/\/api.w.org\/{rel}","templated":true}]}}